{"id":1640,"date":"2016-12-11T17:18:51","date_gmt":"2016-12-11T15:18:51","guid":{"rendered":"http:\/\/alahizmetler.com\/demo3\/?page_id=1640"},"modified":"2016-12-11T17:18:51","modified_gmt":"2016-12-11T15:18:51","slug":"urunlerimiz","status":"publish","type":"page","link":"http:\/\/www.ilsanilac.com.tr\/index.php\/urunlerimiz\/","title":{"rendered":"\u00dcR\u00dcNLER\u0130M\u0130Z"},"content":{"rendered":"","protected":false},"excerpt":{"rendered":"","protected":false},"author":1,"featured_media":0,"parent":0,"menu_order":0,"comment_status":"closed","ping_status":"closed","template":"","meta":{"_themeisle_gutenberg_block_has_review":false,"footnotes":""},"_links":{"self":[{"href":"http:\/\/www.ilsanilac.com.tr\/index.php\/wp-json\/wp\/v2\/pages\/1640"}],"collection":[{"href":"http:\/\/www.ilsanilac.com.tr\/index.php\/wp-json\/wp\/v2\/pages"}],"about":[{"href":"http:\/\/www.ilsanilac.com.tr\/index.php\/wp-json\/wp\/v2\/types\/page"}],"author":[{"embeddable":true,"href":"http:\/\/www.ilsanilac.com.tr\/index.php\/wp-json\/wp\/v2\/users\/1"}],"replies":[{"embeddable":true,"href":"http:\/\/www.ilsanilac.com.tr\/index.php\/wp-json\/wp\/v2\/comments?post=1640"}],"version-history":[{"count":2,"href":"http:\/\/www.ilsanilac.com.tr\/index.php\/wp-json\/wp\/v2\/pages\/1640\/revisions"}],"predecessor-version":[{"id":1642,"href":"http:\/\/www.ilsanilac.com.tr\/index.php\/wp-json\/wp\/v2\/pages\/1640\/revisions\/1642"}],"wp:attachment":[{"href":"http:\/\/www.ilsanilac.com.tr\/index.php\/wp-json\/wp\/v2\/media?parent=1640"}],"curies":[{"name":"wp","href":"https:\/\/api.w.org\/{rel}","templated":true}]}}