{"id":1823,"date":"2016-12-30T08:07:34","date_gmt":"2016-12-30T06:07:34","guid":{"rendered":"http:\/\/alahizmetler.com\/ilsanilac\/?page_id=1823"},"modified":"2017-11-24T11:41:30","modified_gmt":"2017-11-24T08:41:30","slug":"otc-ve-takviye-edici-gidalar","status":"publish","type":"page","link":"http:\/\/www.ilsanilac.com.tr\/index.php\/otc-ve-takviye-edici-gidalar\/","title":{"rendered":"OTC ve Takviye Edici G\u0131dalar"},"content":{"rendered":"<p>[vc_row][vc_column][vc_column_text]<\/p>\n<p style=\"text-align: center;\">Sitemizin bu b\u00f6l\u00fcm\u00fc sa\u011fl\u0131k \u00e7al\u0131\u015fanlar\u0131 i\u00e7indir (doktor, eczac\u0131 yada di\u015f hekimi) Sa\u011fl\u0131k \u00e7al\u0131\u015fan\u0131 oldu\u011funuzu onaylamak i\u00e7in &#8220;Devam&#8221; d\u00fc\u011fmesine bas\u0131n\u0131z. E\u011fer sa\u011fl\u0131k \u00e7al\u0131\u015fan\u0131 de\u011filseniz l\u00fctfen &#8220;Geri&#8221; d\u00fc\u011fmesine bas\u0131n\u0131z.<\/p>\n<p>[\/vc_column_text][vc_row_inner][vc_column_inner width=&#8221;1\/3&#8243;][vc_btn title=&#8221;GER\u0130&#8221; size=&#8221;lg&#8221; align=&#8221;left&#8221; i_icon_fontawesome=&#8221;stm-stm14_left_arrow&#8221; add_icon=&#8221;true&#8221; link=&#8221;url:http%3A%2F%2Fwww.ilsanilac.com.tr|||&#8221;][\/vc_column_inner][vc_column_inner width=&#8221;1\/3&#8243;][\/vc_column_inner][vc_column_inner width=&#8221;1\/3&#8243;][vc_btn title=&#8221;DEVAM&#8221; color=&#8221;warning&#8221; size=&#8221;lg&#8221; align=&#8221;right&#8221; i_icon_fontawesome=&#8221;stm-stm14-arrow&#8221; add_icon=&#8221;true&#8221; link=&#8221;url:http%3A%2F%2Fwww.ilsanilac.com.tr%2Findex.php%2Fotc-ve-gida-takviyesi%2F|||&#8221;][\/vc_column_inner][\/vc_row_inner][\/vc_column][\/vc_row]<\/p>\n","protected":false},"excerpt":{"rendered":"<p>[vc_row][vc_column][vc_column_text] Sitemizin bu b\u00f6l\u00fcm\u00fc sa\u011fl\u0131k \u00e7al\u0131\u015fanlar\u0131 i\u00e7indir (doktor, eczac\u0131 yada di\u015f hekimi) Sa\u011fl\u0131k \u00e7al\u0131\u015fan\u0131 oldu\u011funuzu onaylamak i\u00e7in &#8220;Devam&#8221; d\u00fc\u011fmesine bas\u0131n\u0131z. E\u011fer sa\u011fl\u0131k \u00e7al\u0131\u015fan\u0131 de\u011filseniz l\u00fctfen &#8220;Geri&#8221; d\u00fc\u011fmesine bas\u0131n\u0131z. [\/vc_column_text][vc_row_inner][vc_column_inner width=&#8221;1\/3&#8243;][vc_btn title=&#8221;GER\u0130&#8221; size=&#8221;lg&#8221; align=&#8221;left&#8221; i_icon_fontawesome=&#8221;stm-stm14_left_arrow&#8221; add_icon=&#8221;true&#8221; link=&#8221;url:http%3A%2F%2Fwww.ilsanilac.com.tr|||&#8221;][\/vc_column_inner][vc_column_inner width=&#8221;1\/3&#8243;][\/vc_column_inner][vc_column_inner width=&#8221;1\/3&#8243;][vc_btn title=&#8221;DEVAM&#8221; color=&#8221;warning&#8221; size=&#8221;lg&#8221; align=&#8221;right&#8221; i_icon_fontawesome=&#8221;stm-stm14-arrow&#8221; add_icon=&#8221;true&#8221; link=&#8221;url:http%3A%2F%2Fwww.ilsanilac.com.tr%2Findex.php%2Fotc-ve-gida-takviyesi%2F|||&#8221;][\/vc_column_inner][\/vc_row_inner][\/vc_column][\/vc_row]<\/p>\n","protected":false},"author":1,"featured_media":0,"parent":0,"menu_order":0,"comment_status":"closed","ping_status":"closed","template":"","meta":{"_themeisle_gutenberg_block_has_review":false,"footnotes":""},"_links":{"self":[{"href":"http:\/\/www.ilsanilac.com.tr\/index.php\/wp-json\/wp\/v2\/pages\/1823"}],"collection":[{"href":"http:\/\/www.ilsanilac.com.tr\/index.php\/wp-json\/wp\/v2\/pages"}],"about":[{"href":"http:\/\/www.ilsanilac.com.tr\/index.php\/wp-json\/wp\/v2\/types\/page"}],"author":[{"embeddable":true,"href":"http:\/\/www.ilsanilac.com.tr\/index.php\/wp-json\/wp\/v2\/users\/1"}],"replies":[{"embeddable":true,"href":"http:\/\/www.ilsanilac.com.tr\/index.php\/wp-json\/wp\/v2\/comments?post=1823"}],"version-history":[{"count":2,"href":"http:\/\/www.ilsanilac.com.tr\/index.php\/wp-json\/wp\/v2\/pages\/1823\/revisions"}],"predecessor-version":[{"id":1981,"href":"http:\/\/www.ilsanilac.com.tr\/index.php\/wp-json\/wp\/v2\/pages\/1823\/revisions\/1981"}],"wp:attachment":[{"href":"http:\/\/www.ilsanilac.com.tr\/index.php\/wp-json\/wp\/v2\/media?parent=1823"}],"curies":[{"name":"wp","href":"https:\/\/api.w.org\/{rel}","templated":true}]}}