{"id":2595,"date":"2025-12-24T11:32:00","date_gmt":"2025-12-24T08:32:00","guid":{"rendered":"http:\/\/www.ilsanilac.com.tr\/?page_id=2595"},"modified":"2025-12-24T11:33:38","modified_gmt":"2025-12-24T08:33:38","slug":"kvkk-aydinlatma-metni","status":"publish","type":"page","link":"http:\/\/www.ilsanilac.com.tr\/index.php\/kvkk-aydinlatma-metni\/","title":{"rendered":"KVKK Ayd\u0131nlatma Metni"},"content":{"rendered":"<p>[vc_row][vc_column][vc_column_text]<strong><span lang=\"EN-US\">Ki\u015fisel Verilerin Korunmas\u0131na \u0130li\u015fkin Ayd\u0131nlatma<\/span><\/strong><\/p>\n<p><span lang=\"EN-US\">Bu internet sitesi \u00fczerinden eri\u015filen farmakovijilans bildirim formu kapsam\u0131nda taraf\u0131n\u0131zca payla\u015f\u0131labilecek ki\u015fisel veriler, 6698 say\u0131l\u0131 Ki\u015fisel Verilerin Korunmas\u0131 Kanunu (\u201cKVKK\u201d) uyar\u0131nca veri sorumlusu s\u0131fat\u0131yla <strong>\u0130lsan \u0130la\u00e7 ve Hammaddeleri Sanayi ve Ticaret A.\u015e.<\/strong> taraf\u0131ndan; ila\u00e7 g\u00fcvenlili\u011fine ili\u015fkin bildirimlerin al\u0131nmas\u0131, de\u011ferlendirilmesi ve ilgili mevzuat kapsam\u0131nda yetkili farmakovijilans hizmet sa\u011flay\u0131c\u0131s\u0131na y\u00f6nlendirilmesi ama\u00e7lar\u0131yla i\u015flenmektedir.<\/span><\/p>\n<p><span lang=\"EN-US\">S\u00f6z konusu ki\u015fisel veriler, yaln\u0131zca ilgili mevzuat \u00e7er\u00e7evesinde ve s\u0131n\u0131rl\u0131 olarak i\u015flenmekte olup <strong>yurt d\u0131\u015f\u0131na aktar\u0131lmamaktad\u0131r<\/strong>.<\/span><\/p>\n<p><span lang=\"EN-US\">KVKK\u2019n\u0131n 11. maddesi kapsam\u0131nda sahip oldu\u011funuz haklara ve ki\u015fisel verilerinizin i\u015flenmesine ili\u015fkin detayl\u0131 bilgilere <a href=\"https:\/\/www.ilsanilac.com.tr\/index.php\/privacy-policy\/\"><strong>Gizlilik Politikas\u0131<\/strong><\/a> sayfam\u0131zdan ula\u015fabilirsiniz.<\/span>[\/vc_column_text][\/vc_column][\/vc_row]<\/p>\n","protected":false},"excerpt":{"rendered":"<p>[vc_row][vc_column][vc_column_text]Ki\u015fisel Verilerin Korunmas\u0131na \u0130li\u015fkin Ayd\u0131nlatma Bu internet sitesi \u00fczerinden eri\u015filen farmakovijilans bildirim formu kapsam\u0131nda taraf\u0131n\u0131zca payla\u015f\u0131labilecek ki\u015fisel veriler, 6698 say\u0131l\u0131 Ki\u015fisel Verilerin Korunmas\u0131 Kanunu (\u201cKVKK\u201d) uyar\u0131nca veri sorumlusu s\u0131fat\u0131yla \u0130lsan \u0130la\u00e7 ve Hammaddeleri Sanayi ve Ticaret A.\u015e. taraf\u0131ndan; ila\u00e7 g\u00fcvenlili\u011fine ili\u015fkin bildirimlerin al\u0131nmas\u0131, de\u011ferlendirilmesi ve ilgili mevzuat kapsam\u0131nda yetkili farmakovijilans hizmet sa\u011flay\u0131c\u0131s\u0131na y\u00f6nlendirilmesi ama\u00e7lar\u0131yla i\u015flenmektedir.<\/p>\n","protected":false},"author":1,"featured_media":0,"parent":0,"menu_order":0,"comment_status":"closed","ping_status":"closed","template":"","meta":{"_themeisle_gutenberg_block_has_review":false,"footnotes":""},"_links":{"self":[{"href":"http:\/\/www.ilsanilac.com.tr\/index.php\/wp-json\/wp\/v2\/pages\/2595"}],"collection":[{"href":"http:\/\/www.ilsanilac.com.tr\/index.php\/wp-json\/wp\/v2\/pages"}],"about":[{"href":"http:\/\/www.ilsanilac.com.tr\/index.php\/wp-json\/wp\/v2\/types\/page"}],"author":[{"embeddable":true,"href":"http:\/\/www.ilsanilac.com.tr\/index.php\/wp-json\/wp\/v2\/users\/1"}],"replies":[{"embeddable":true,"href":"http:\/\/www.ilsanilac.com.tr\/index.php\/wp-json\/wp\/v2\/comments?post=2595"}],"version-history":[{"count":3,"href":"http:\/\/www.ilsanilac.com.tr\/index.php\/wp-json\/wp\/v2\/pages\/2595\/revisions"}],"predecessor-version":[{"id":2598,"href":"http:\/\/www.ilsanilac.com.tr\/index.php\/wp-json\/wp\/v2\/pages\/2595\/revisions\/2598"}],"wp:attachment":[{"href":"http:\/\/www.ilsanilac.com.tr\/index.php\/wp-json\/wp\/v2\/media?parent=2595"}],"curies":[{"name":"wp","href":"https:\/\/api.w.org\/{rel}","templated":true}]}}